{"id":33323,"date":"2024-01-23T15:44:34","date_gmt":"2024-01-23T14:44:34","guid":{"rendered":"https:\/\/prixsoft.com\/?post_type=product&#038;p=33323"},"modified":"2026-03-12T12:01:18","modified_gmt":"2026-03-12T11:01:18","slug":"abelssoft-converter4video-1-pc-1perpetual","status":"publish","type":"product","link":"https:\/\/prixsoft.com\/fr\/produit\/abelssoft-converter4video-1-pc-1perpetual\/","title":{"rendered":"Abelssoft Converter4Video (1 PC- Perpetual)"},"content":{"rendered":"<p>Abelssoft Converter4Video est un logiciel puissant qui vous permet de convertir des vid\u00e9os dans diff\u00e9rents formats avec facilit\u00e9. Que vous ayez besoin de changer le format de vos vid\u00e9os pour les rendre compatibles avec un lecteur sp\u00e9cifique, votre t\u00e9l\u00e9phone portable, votre t\u00e9l\u00e9viseur ou tout autre appareil, Converter4Video offre une solution rapide et simple.<\/p>\n<p>Caract\u00e9ristiques cl\u00e9s :<\/p>\n<ol>\n<li><strong>Conversion Rapide :<\/strong> Converter4Video utilise des technologies de conversion avanc\u00e9es pour assurer une conversion rapide sans perte de qualit\u00e9 notable.<\/li>\n<li><strong>Facilit\u00e9 d&rsquo;utilisation :<\/strong> Pas besoin de connaissances pr\u00e9alables pour utiliser le logiciel. Vous pouvez pr\u00e9visualiser les vid\u00e9os converties avant de les sauvegarder d\u00e9finitivement.<\/li>\n<li><strong>Prise en Charge de Divers Formats :<\/strong> Converter4Video prend en charge la conversion vers et depuis presque tous les formats vid\u00e9o courants.<\/li>\n<li><strong>Optimisation pour le Web :<\/strong> Vous pouvez formater vos vid\u00e9os pour les int\u00e9grer facilement sur un site web.<\/li>\n<li><strong>Conversion Sp\u00e9cifique aux Appareils :<\/strong> Converter4Video offre la possibilit\u00e9 de convertir des vid\u00e9os de mani\u00e8re sp\u00e9cifique aux appareils tels que les t\u00e9l\u00e9viseurs, les t\u00e9l\u00e9phones portables ou les lecteurs Blu-ray.<\/li>\n<\/ol>\n<p>Comment utiliser Converter4Video :<\/p>\n<ol>\n<li><strong>Ajouter des Vid\u00e9os :<\/strong> Cliquez sur la touche \u00ab\u00a0+\u00a0\u00bb ou faites glisser et d\u00e9posez vos vid\u00e9os dans l&rsquo;interface du programme.<\/li>\n<li><strong>Choisir le Format Cible :<\/strong> S\u00e9lectionnez le format cible souhait\u00e9 parmi les options telles que MPEG, MP4, 3GP, MKV, AVI, DVD, MOV, WebM, Ultra-HD, etc.<\/li>\n<li><strong>Param\u00e8tres Personnalis\u00e9s :<\/strong> Si n\u00e9cessaire, ajustez les param\u00e8tres selon vos pr\u00e9f\u00e9rences.<\/li>\n<li><strong>Convertir la Vid\u00e9o :<\/strong> Cliquez sur le bouton de conversion pour d\u00e9marrer le processus.<\/li>\n<li><strong>Vid\u00e9o Convertie :<\/strong> Une fois la conversion termin\u00e9e, votre vid\u00e9o est pr\u00eate.<\/li>\n<\/ol>\n<p>Converter4Video simplifie le processus de conversion vid\u00e9o, permettant \u00e0 tout utilisateur de convertir facilement des vid\u00e9os d&rsquo;un format \u00e0 un autre. C&rsquo;est un outil pratique pour rendre vos vid\u00e9os compatibles avec diff\u00e9rents appareils et lecteurs.<\/p>\n","protected":false},"excerpt":{"rendered":"<p>Abelssoft Converter4Video est un logiciel puissant qui vous permet de convertir des vid\u00e9os dans diff\u00e9rents formats avec facilit\u00e9. Que vous ayez besoin de changer le format de vos vid\u00e9os pour les rendre compatibles avec un lecteur sp\u00e9cifique, votre t\u00e9l\u00e9phone portable, votre t\u00e9l\u00e9viseur ou tout autre appareil, Converter4Video offre une solution rapide et simple. Caract\u00e9ristiques cl\u00e9s [&hellip;]<\/p>\n","protected":false},"featured_media":33934,"comment_status":"closed","ping_status":"closed","template":"","meta":{"_acf_changed":false},"product_brand":[],"product_cat":[86],"product_tag":[],"class_list":{"0":"post-33323","1":"product","2":"type-product","3":"status-publish","4":"has-post-thumbnail","6":"product_cat-logiciels-bureautique","8":"first","9":"instock","10":"shipping-taxable","11":"purchasable","12":"product-type-simple"},"acf":[],"aioseo_notices":[],"jetpack_sharing_enabled":true,"_links":{"self":[{"href":"https:\/\/prixsoft.com\/fr\/wp-json\/wp\/v2\/product\/33323","targetHints":{"allow":["GET"]}}],"collection":[{"href":"https:\/\/prixsoft.com\/fr\/wp-json\/wp\/v2\/product"}],"about":[{"href":"https:\/\/prixsoft.com\/fr\/wp-json\/wp\/v2\/types\/product"}],"replies":[{"embeddable":true,"href":"https:\/\/prixsoft.com\/fr\/wp-json\/wp\/v2\/comments?post=33323"}],"wp:featuredmedia":[{"embeddable":true,"href":"https:\/\/prixsoft.com\/fr\/wp-json\/wp\/v2\/media\/33934"}],"wp:attachment":[{"href":"https:\/\/prixsoft.com\/fr\/wp-json\/wp\/v2\/media?parent=33323"}],"wp:term":[{"taxonomy":"product_brand","embeddable":true,"href":"https:\/\/prixsoft.com\/fr\/wp-json\/wp\/v2\/product_brand?post=33323"},{"taxonomy":"product_cat","embeddable":true,"href":"https:\/\/prixsoft.com\/fr\/wp-json\/wp\/v2\/product_cat?post=33323"},{"taxonomy":"product_tag","embeddable":true,"href":"https:\/\/prixsoft.com\/fr\/wp-json\/wp\/v2\/product_tag?post=33323"}],"curies":[{"name":"wp","href":"https:\/\/api.w.org\/{rel}","templated":true}]}}