{"id":33242,"date":"2024-01-10T14:52:08","date_gmt":"2024-01-10T13:52:08","guid":{"rendered":"https:\/\/prixsoft.com\/?post_type=product&#038;p=33242"},"modified":"2026-03-12T11:33:46","modified_gmt":"2026-03-12T10:33:46","slug":"chargeur-a-induction-15w-magsafe-apple-mhxh3zm-a","status":"publish","type":"product","link":"https:\/\/prixsoft.com\/fr\/produit\/chargeur-a-induction-15w-magsafe-apple-mhxh3zm-a\/","title":{"rendered":"Chargeur \u00c0 Induction 15W Magsafe Apple (MHXH3ZM\/A)"},"content":{"rendered":"<p><strong>Chargeur MagSafe pour iPhone<\/strong><\/p>\n<p>Le chargeur MagSafe r\u00e9volutionne la recharge sans fil en offrant une exp\u00e9rience simplifi\u00e9e. Gr\u00e2ce \u00e0 des aimants parfaitement align\u00e9s, votre iPhone 12 (et mod\u00e8les ult\u00e9rieurs compatibles) s&rsquo;attache automatiquement au chargeur pour une recharge sans fil rapide jusqu&rsquo;\u00e0 une puissance maximale de 15 W.<\/p>\n<p><strong>Compatibilit\u00e9 Etendue<\/strong><\/p>\n<p>Ce chargeur MagSafe est compatible avec la recharge Qi, ce qui signifie qu&rsquo;il peut \u00eatre utilis\u00e9 comme un chargeur standard certifi\u00e9 Qi pour recharger sans fil les iPhone 8 (et mod\u00e8les ult\u00e9rieurs) ainsi que les mod\u00e8les d&rsquo;AirPods dot\u00e9s d&rsquo;un bo\u00eetier de charge sans fil.<\/p>\n<p>Il est \u00e0 noter que seuls les iPhone 12, 13, 14 et 15 sont \u00e9quip\u00e9s du m\u00e9canisme d&rsquo;alignement magn\u00e9tique sp\u00e9cifique permettant une fixation pr\u00e9cise au chargeur MagSafe.<\/p>\n<p><strong>Contenu du Coffret<\/strong><\/p>\n<p>Dans la bo\u00eete, vous trouverez le chargeur MagSafe accompagn\u00e9 d&rsquo;un c\u00e2ble int\u00e9gr\u00e9 USB\u2011C d&rsquo;une longueur d&rsquo;1 m\u00e8tre pour une connectivit\u00e9 pratique avec vos adaptateurs secteur USB-C (non inclus).<\/p>\n<p><strong>Recommandation<\/strong><\/p>\n<p>Il est recommand\u00e9 d&rsquo;utiliser cet accessoire avec un adaptateur secteur USB\u2011C 20 W pour une recharge optimale et rapide. L&rsquo;adaptateur secteur USB-C est vendu s\u00e9par\u00e9ment.<\/p>\n<p><strong>Compatibilit\u00e9 des Mod\u00e8les d\u2019iPhone<\/strong><\/p>\n<p>Le chargeur MagSafe est compatible avec une large gamme de mod\u00e8les d&rsquo;iPhone, couvrant depuis l&rsquo;iPhone 8 jusqu&rsquo;aux derniers mod\u00e8les tels que l&rsquo;iPhone 15 Pro, offrant ainsi une solution de recharge sans fil pour une vari\u00e9t\u00e9 d&rsquo;appareils Apple.<\/p>\n<p>En somme, le chargeur MagSafe offre une solution de recharge sans fil innovante et pratique pour les iPhone compatibles, garantissant une connexion magn\u00e9tique s\u00fbre et une recharge rapide, tout en \u00e9tant \u00e9galement compatible avec les dispositifs certifi\u00e9s Qi pour une polyvalence \u00e9tendue.<\/p>\n","protected":false},"excerpt":{"rendered":"<p>Chargeur MagSafe pour iPhone Le chargeur MagSafe r\u00e9volutionne la recharge sans fil en offrant une exp\u00e9rience simplifi\u00e9e. Gr\u00e2ce \u00e0 des aimants parfaitement align\u00e9s, votre iPhone 12 (et mod\u00e8les ult\u00e9rieurs compatibles) s&rsquo;attache automatiquement au chargeur pour une recharge sans fil rapide jusqu&rsquo;\u00e0 une puissance maximale de 15 W. Compatibilit\u00e9 Etendue Ce chargeur MagSafe est compatible avec [&hellip;]<\/p>\n","protected":false},"featured_media":33914,"comment_status":"closed","ping_status":"closed","template":"","meta":{"_acf_changed":false},"product_brand":[],"product_cat":[104,209],"product_tag":[],"class_list":{"0":"post-33242","1":"product","2":"type-product","3":"status-publish","4":"has-post-thumbnail","6":"product_cat-accessoires","7":"product_cat-cables-connectiques","9":"first","10":"instock","11":"shipping-taxable","12":"purchasable","13":"product-type-simple"},"acf":[],"aioseo_notices":[],"jetpack_sharing_enabled":true,"_links":{"self":[{"href":"https:\/\/prixsoft.com\/fr\/wp-json\/wp\/v2\/product\/33242","targetHints":{"allow":["GET"]}}],"collection":[{"href":"https:\/\/prixsoft.com\/fr\/wp-json\/wp\/v2\/product"}],"about":[{"href":"https:\/\/prixsoft.com\/fr\/wp-json\/wp\/v2\/types\/product"}],"replies":[{"embeddable":true,"href":"https:\/\/prixsoft.com\/fr\/wp-json\/wp\/v2\/comments?post=33242"}],"wp:featuredmedia":[{"embeddable":true,"href":"https:\/\/prixsoft.com\/fr\/wp-json\/wp\/v2\/media\/33914"}],"wp:attachment":[{"href":"https:\/\/prixsoft.com\/fr\/wp-json\/wp\/v2\/media?parent=33242"}],"wp:term":[{"taxonomy":"product_brand","embeddable":true,"href":"https:\/\/prixsoft.com\/fr\/wp-json\/wp\/v2\/product_brand?post=33242"},{"taxonomy":"product_cat","embeddable":true,"href":"https:\/\/prixsoft.com\/fr\/wp-json\/wp\/v2\/product_cat?post=33242"},{"taxonomy":"product_tag","embeddable":true,"href":"https:\/\/prixsoft.com\/fr\/wp-json\/wp\/v2\/product_tag?post=33242"}],"curies":[{"name":"wp","href":"https:\/\/api.w.org\/{rel}","templated":true}]}}