{"id":32932,"date":"2023-11-28T12:33:05","date_gmt":"2023-11-28T11:33:05","guid":{"rendered":"https:\/\/prixsoft.com\/?post_type=product&#038;p=32932"},"modified":"2026-03-12T10:57:38","modified_gmt":"2026-03-12T09:57:38","slug":"ashampoo-3d-cad","status":"publish","type":"product","link":"https:\/\/prixsoft.com\/fr\/produit\/ashampoo-3d-cad\/","title":{"rendered":"Ashampoo 3D CAD"},"content":{"rendered":"<p>Ashampoo 3D CAD Professional 10 est un logiciel de conception professionnelle, destin\u00e9 aux architectes, dessinateurs en b\u00e2timent, architectes d&rsquo;int\u00e9rieur et paysagistes. Il permet de cr\u00e9er, visualiser et communiquer des id\u00e9es de design, offrant des fonctionnalit\u00e9s \u00e9tendues pour la planification architecturale, des plans d&rsquo;ex\u00e9cution et des \u00e9l\u00e9ments de construction complexes.<\/p>\n<p><strong>Nouveaut\u00e9s de cette version :<\/strong><\/p>\n<ul>\n<li><strong>Calcul des volumes, dimensions des portes et fondations :<\/strong> Obtention ais\u00e9e d&rsquo;informations d\u00e9taill\u00e9es sur les \u00e9l\u00e9ments du terrain, calculs des volumes, dimensions des portes et des fondations pour une planification pr\u00e9cise.<\/li>\n<li><strong>Alignement des projets simplifi\u00e9 :<\/strong> Nouvelles options de visualisation avec des vues de c\u00f4t\u00e9 et d&rsquo;en haut pour une repr\u00e9sentation plus pr\u00e9cise.<\/li>\n<li><strong>Portes ouvertes en 3D et vari\u00e9t\u00e9 d&rsquo;objets :<\/strong> Repr\u00e9sentation r\u00e9aliste avec des portes ouvertes, ajout de volets, stores pour plus de r\u00e9alisme dans les espaces int\u00e9rieurs.<\/li>\n<\/ul>\n<p><strong>Principales fonctionnalit\u00e9s :<\/strong><\/p>\n<ul>\n<li><strong>Importation d&rsquo;objets 3D :<\/strong> Importation et \u00e9dition de millions d&rsquo;objets 3D \u00e0 partir de formats tels que SketchUp et Collada.<\/li>\n<li><strong>Conception de toits et planification de terrains :<\/strong> Aide \u00e0 la conception de toits personnalis\u00e9s, planification de terrains et installations photovolta\u00efques sur les toits et toits plats.<\/li>\n<li><strong>\u00c9valuations pr\u00e9cises :<\/strong> Calculs d\u00e9taill\u00e9s des surfaces, volumes, excava- tions, \u00e9valuations des surfaces de murs, plafonds, fa\u00e7ades, et plus encore.<\/li>\n<li><strong>Miroir des objets :<\/strong> Possibilit\u00e9 de miroir facilement des objets 3D et des symboles 2D pour une conception flexible.<\/li>\n<li><strong>Interface utilisateur am\u00e9lior\u00e9e :<\/strong> Interface intuitive avec des outils de saisie et d&rsquo;assistance pour des constructions complexes simplifi\u00e9es.<\/li>\n<\/ul>\n<p><strong>Autres caract\u00e9ristiques :<\/strong><\/p>\n<ul>\n<li><strong>Catalogue d&rsquo;objets int\u00e9gr\u00e9 :<\/strong> Acc\u00e8s \u00e0 une vari\u00e9t\u00e9 d&rsquo;\u00e9l\u00e9ments de construction, textures, mat\u00e9riaux et symboles pour un am\u00e9nagement int\u00e9rieur et ext\u00e9rieur d\u00e9taill\u00e9.<\/li>\n<li><strong>Exportation vers Maxon Cinema 4D :<\/strong> Possibilit\u00e9 d&rsquo;exporter des projets vers Maxon Cinema 4D pour des visualisations avanc\u00e9es.<\/li>\n<li><strong>Support 64 bits natif :<\/strong> Performance optimis\u00e9e pour une utilisation plus rapide et efficace.<\/li>\n<\/ul>\n<p><strong>Configuration syst\u00e8me requise :<\/strong><\/p>\n<ul>\n<li><strong>Syst\u00e8me d&rsquo;exploitation :<\/strong> Windows 11, Windows 10, Windows 8, Windows 7<\/li>\n<li><strong>Mat\u00e9riel :<\/strong> Tout ordinateur compatible avec les syst\u00e8mes d&rsquo;exploitation mentionn\u00e9s, sans support pour les processeurs ARM.<\/li>\n<\/ul>\n","protected":false},"excerpt":{"rendered":"<p>Ashampoo 3D CAD Professional 10 est un logiciel de conception professionnelle, destin\u00e9 aux architectes, dessinateurs en b\u00e2timent, architectes d&rsquo;int\u00e9rieur et paysagistes. Il permet de cr\u00e9er, visualiser et communiquer des id\u00e9es de design, offrant des fonctionnalit\u00e9s \u00e9tendues pour la planification architecturale, des plans d&rsquo;ex\u00e9cution et des \u00e9l\u00e9ments de construction complexes. Nouveaut\u00e9s de cette version : Calcul [&hellip;]<\/p>\n","protected":false},"featured_media":32933,"comment_status":"closed","ping_status":"closed","template":"","meta":{"_acf_changed":false},"product_brand":[221],"product_cat":[86],"product_tag":[],"class_list":{"0":"post-32932","1":"product","2":"type-product","3":"status-publish","4":"has-post-thumbnail","6":"product_brand-ashampoo","7":"product_cat-logiciels-bureautique","9":"first","10":"instock","11":"shipping-taxable","12":"purchasable","13":"product-type-variable"},"acf":[],"aioseo_notices":[],"jetpack_sharing_enabled":true,"_links":{"self":[{"href":"https:\/\/prixsoft.com\/fr\/wp-json\/wp\/v2\/product\/32932","targetHints":{"allow":["GET"]}}],"collection":[{"href":"https:\/\/prixsoft.com\/fr\/wp-json\/wp\/v2\/product"}],"about":[{"href":"https:\/\/prixsoft.com\/fr\/wp-json\/wp\/v2\/types\/product"}],"replies":[{"embeddable":true,"href":"https:\/\/prixsoft.com\/fr\/wp-json\/wp\/v2\/comments?post=32932"}],"wp:featuredmedia":[{"embeddable":true,"href":"https:\/\/prixsoft.com\/fr\/wp-json\/wp\/v2\/media\/32933"}],"wp:attachment":[{"href":"https:\/\/prixsoft.com\/fr\/wp-json\/wp\/v2\/media?parent=32932"}],"wp:term":[{"taxonomy":"product_brand","embeddable":true,"href":"https:\/\/prixsoft.com\/fr\/wp-json\/wp\/v2\/product_brand?post=32932"},{"taxonomy":"product_cat","embeddable":true,"href":"https:\/\/prixsoft.com\/fr\/wp-json\/wp\/v2\/product_cat?post=32932"},{"taxonomy":"product_tag","embeddable":true,"href":"https:\/\/prixsoft.com\/fr\/wp-json\/wp\/v2\/product_tag?post=32932"}],"curies":[{"name":"wp","href":"https:\/\/api.w.org\/{rel}","templated":true}]}}