{"id":32897,"date":"2023-11-23T14:51:03","date_gmt":"2023-11-23T13:51:03","guid":{"rendered":"https:\/\/prixsoft.com\/?post_type=product&#038;p=32897"},"modified":"2026-03-12T10:54:16","modified_gmt":"2026-03-12T09:54:16","slug":"ashampoo-photo-commander-17","status":"publish","type":"product","link":"https:\/\/prixsoft.com\/fr\/produit\/ashampoo-photo-commander-17\/","title":{"rendered":"Ashampoo Photo Commander 17"},"content":{"rendered":"<p><strong>Ashampoo Photo Commander 17<\/strong> repr\u00e9sente un logiciel complet d\u00e9di\u00e9 \u00e0 la gestion, \u00e0 l&rsquo;\u00e9dition et \u00e0 l&rsquo;organisation avanc\u00e9e de tes photos. Dot\u00e9 de plus de 200 fonctionnalit\u00e9s, ce logiciel offre une polyvalence exceptionnelle, te permettant d&rsquo;optimiser tes images, de cr\u00e9er ais\u00e9ment des diaporamas en 4K, des collages artistiques, et bien plus encore.<\/p>\n<p>Cette version 17 a b\u00e9n\u00e9fici\u00e9 d&rsquo;am\u00e9liorations significatives, avec des performances 40% plus rapides que la pr\u00e9c\u00e9dente, garantissant une navigation rapide et une ouverture instantan\u00e9e des images. Les mises \u00e0 jour majeures incluent une totale compatibilit\u00e9 avec Windows 11, une architecture 64 bits, des optimisations CPU avanc\u00e9es, une lecture vid\u00e9o am\u00e9lior\u00e9e, ainsi que de nouveaux outils pour faciliter le traitement par lots.<\/p>\n<p>Parmi ses caract\u00e9ristiques majeures, Ashampoo Photo Commander 17 permet la cr\u00e9ation de diaporamas hautement d\u00e9taill\u00e9s accompagn\u00e9s de musique, une am\u00e9lioration automatique des images gr\u00e2ce \u00e0 des algorithmes sophistiqu\u00e9s, une pr\u00e9sentation stylis\u00e9e des photos, et la possibilit\u00e9 d&rsquo;ajouter des marques g\u00e9ographiques pour une organisation optimale des souvenirs.<\/p>\n<p>L&rsquo;utilisation de ce logiciel requiert un syst\u00e8me Windows 11 ou Windows 10 (x64), ainsi que l&rsquo;installation du logiciel Microsoft Visual C++ 2015 x86 Redistributable. Une connexion Internet est n\u00e9cessaire pour l&rsquo;activation du programme, et la licence est soumise \u00e0 des v\u00e9rifications r\u00e9guli\u00e8res.<\/p>\n","protected":false},"excerpt":{"rendered":"<p>Ashampoo Photo Commander 17 repr\u00e9sente un logiciel complet d\u00e9di\u00e9 \u00e0 la gestion, \u00e0 l&rsquo;\u00e9dition et \u00e0 l&rsquo;organisation avanc\u00e9e de tes photos. Dot\u00e9 de plus de 200 fonctionnalit\u00e9s, ce logiciel offre une polyvalence exceptionnelle, te permettant d&rsquo;optimiser tes images, de cr\u00e9er ais\u00e9ment des diaporamas en 4K, des collages artistiques, et bien plus encore. Cette version 17 [&hellip;]<\/p>\n","protected":false},"featured_media":33870,"comment_status":"closed","ping_status":"closed","template":"","meta":{"_acf_changed":false},"product_brand":[221],"product_cat":[86],"product_tag":[],"class_list":{"0":"post-32897","1":"product","2":"type-product","3":"status-publish","4":"has-post-thumbnail","6":"product_brand-ashampoo","7":"product_cat-logiciels-bureautique","9":"first","10":"instock","11":"sale","12":"shipping-taxable","13":"purchasable","14":"product-type-simple"},"acf":[],"aioseo_notices":[],"jetpack_sharing_enabled":true,"_links":{"self":[{"href":"https:\/\/prixsoft.com\/fr\/wp-json\/wp\/v2\/product\/32897","targetHints":{"allow":["GET"]}}],"collection":[{"href":"https:\/\/prixsoft.com\/fr\/wp-json\/wp\/v2\/product"}],"about":[{"href":"https:\/\/prixsoft.com\/fr\/wp-json\/wp\/v2\/types\/product"}],"replies":[{"embeddable":true,"href":"https:\/\/prixsoft.com\/fr\/wp-json\/wp\/v2\/comments?post=32897"}],"wp:featuredmedia":[{"embeddable":true,"href":"https:\/\/prixsoft.com\/fr\/wp-json\/wp\/v2\/media\/33870"}],"wp:attachment":[{"href":"https:\/\/prixsoft.com\/fr\/wp-json\/wp\/v2\/media?parent=32897"}],"wp:term":[{"taxonomy":"product_brand","embeddable":true,"href":"https:\/\/prixsoft.com\/fr\/wp-json\/wp\/v2\/product_brand?post=32897"},{"taxonomy":"product_cat","embeddable":true,"href":"https:\/\/prixsoft.com\/fr\/wp-json\/wp\/v2\/product_cat?post=32897"},{"taxonomy":"product_tag","embeddable":true,"href":"https:\/\/prixsoft.com\/fr\/wp-json\/wp\/v2\/product_tag?post=32897"}],"curies":[{"name":"wp","href":"https:\/\/api.w.org\/{rel}","templated":true}]}}