{"id":32700,"date":"2023-11-13T14:31:46","date_gmt":"2023-11-13T13:31:46","guid":{"rendered":"https:\/\/prixsoft.com\/?post_type=product&#038;p=32700"},"modified":"2026-03-12T10:42:58","modified_gmt":"2026-03-12T09:42:58","slug":"kaspersky-antivirus-1pc-1an","status":"publish","type":"product","link":"https:\/\/prixsoft.com\/fr\/produit\/kaspersky-antivirus-1pc-1an\/","title":{"rendered":"Kaspersky Antivirus (1pc-1an)"},"content":{"rendered":"<p>Assurez une protection essentielle et fiable \u00e0 votre ordinateur avec Kaspersky Anti-Virus, un rempart de d\u00e9fense contre une panoplie de menaces en ligne. Cette solution vous offre une protection robuste contre les virus, les ransomwares, et une vari\u00e9t\u00e9 de programmes malveillants, incluant m\u00eame les plus r\u00e9cents.<\/p>\n<p>En adoptant Kaspersky Anti-Virus, vous pouvez naviguer en toute s\u00e9r\u00e9nit\u00e9. Continuez \u00e0 travailler, jouer et interagir sur les r\u00e9seaux sociaux en toute s\u00e9curit\u00e9, sans subir les ralentissements de votre PC. Cette solution antivirus performante vous garantit une protection en temps r\u00e9el, d\u00e9tectant et bloquant activement les menaces, tout en assurant une exp\u00e9rience num\u00e9rique fluide.<\/p>\n<p>Profitez d&rsquo;une tranquillit\u00e9 d&rsquo;esprit num\u00e9rique, sachant que votre ordinateur est prot\u00e9g\u00e9 par l&rsquo;expertise reconnue de Kaspersky Lab, offrant une d\u00e9fense proactive contre les attaques en ligne et les tentatives d&rsquo;intrusion. Offrez \u00e0 votre syst\u00e8me une couche de s\u00e9curit\u00e9 suppl\u00e9mentaire, vous permettant d&rsquo;explorer le monde num\u00e9rique sans compromettre la s\u00e9curit\u00e9 de vos donn\u00e9es ou la performance de votre appareil.<\/p>\n","protected":false},"excerpt":{"rendered":"<p>Assurez une protection essentielle et fiable \u00e0 votre ordinateur avec Kaspersky Anti-Virus, un rempart de d\u00e9fense contre une panoplie de menaces en ligne. Cette solution vous offre une protection robuste contre les virus, les ransomwares, et une vari\u00e9t\u00e9 de programmes malveillants, incluant m\u00eame les plus r\u00e9cents. En adoptant Kaspersky Anti-Virus, vous pouvez naviguer en toute [&hellip;]<\/p>\n","protected":false},"featured_media":33858,"comment_status":"closed","ping_status":"closed","template":"","meta":{"_acf_changed":false},"product_brand":[219],"product_cat":[93],"product_tag":[],"class_list":{"0":"post-32700","1":"product","2":"type-product","3":"status-publish","4":"has-post-thumbnail","6":"product_brand-kaspersky","7":"product_cat-antivirus-securite","9":"first","10":"outofstock","11":"shipping-taxable","12":"purchasable","13":"product-type-simple"},"acf":[],"aioseo_notices":[],"jetpack_sharing_enabled":true,"_links":{"self":[{"href":"https:\/\/prixsoft.com\/fr\/wp-json\/wp\/v2\/product\/32700","targetHints":{"allow":["GET"]}}],"collection":[{"href":"https:\/\/prixsoft.com\/fr\/wp-json\/wp\/v2\/product"}],"about":[{"href":"https:\/\/prixsoft.com\/fr\/wp-json\/wp\/v2\/types\/product"}],"replies":[{"embeddable":true,"href":"https:\/\/prixsoft.com\/fr\/wp-json\/wp\/v2\/comments?post=32700"}],"wp:featuredmedia":[{"embeddable":true,"href":"https:\/\/prixsoft.com\/fr\/wp-json\/wp\/v2\/media\/33858"}],"wp:attachment":[{"href":"https:\/\/prixsoft.com\/fr\/wp-json\/wp\/v2\/media?parent=32700"}],"wp:term":[{"taxonomy":"product_brand","embeddable":true,"href":"https:\/\/prixsoft.com\/fr\/wp-json\/wp\/v2\/product_brand?post=32700"},{"taxonomy":"product_cat","embeddable":true,"href":"https:\/\/prixsoft.com\/fr\/wp-json\/wp\/v2\/product_cat?post=32700"},{"taxonomy":"product_tag","embeddable":true,"href":"https:\/\/prixsoft.com\/fr\/wp-json\/wp\/v2\/product_tag?post=32700"}],"curies":[{"name":"wp","href":"https:\/\/api.w.org\/{rel}","templated":true}]}}