{"id":33358,"date":"2024-01-29T14:17:14","date_gmt":"2024-01-29T13:17:14","guid":{"rendered":"https:\/\/prixsoft.com\/?post_type=product&#038;p=33358"},"modified":"2026-03-12T12:11:04","modified_gmt":"2026-03-12T11:11:04","slug":"aomei-onekey-recovery-technician-lifetime-upgrades","status":"publish","type":"product","link":"https:\/\/prixsoft.com\/en\/produit\/aomei-onekey-recovery-technician-lifetime-upgrades\/","title":{"rendered":"AOMEI OneKey Recovery Technician, lifetime upgrades"},"content":{"rendered":"<p><strong>AOMEI OneKey Recovery Technician &#8211; Garantie de s\u00e9curit\u00e9 syst\u00e8me et assistance technique<\/strong><\/p>\n<p>Profitez de toutes les fonctionnalit\u00e9s de l&#8217;\u00e9dition Professionnelle avec AOMEI OneKey Recovery Technician, id\u00e9al pour les utilisateurs professionnels. Installez-le sur un nombre illimit\u00e9 de PC et serveurs Windows au sein de votre entreprise et offrez un support technique payant \u00e0 vos clients.<\/p>\n<p>\ud83c\udf10 <strong>Caract\u00e9ristiques principales :<\/strong><\/p>\n<ul>\n<li><strong>Support illimit\u00e9 en entreprise :<\/strong> Installez sur un nombre illimit\u00e9 de PC et serveurs au sein de votre entreprise.<\/li>\n<li><strong>Support technique payant :<\/strong> Fournissez un support technique payant \u00e0 vos clients.<\/li>\n<li><strong>Mises \u00e0 niveau \u00e0 vie gratuites :<\/strong> Restez \u00e0 jour avec des mises \u00e0 niveau gratuites vers toutes les nouvelles versions.<\/li>\n<\/ul>\n<p>\u2699\ufe0f <strong>Caract\u00e9ristiques de AOMEI OneKey Recovery 1.6.2 :<\/strong><\/p>\n<ul>\n<li><strong>Sauvegarde du syst\u00e8me :<\/strong> Allouez de l&#8217;espace sur une partition existante pour cr\u00e9er la partition de r\u00e9cup\u00e9ration o\u00f9 une image de sauvegarde du syst\u00e8me sera stock\u00e9e. La partition de r\u00e9cup\u00e9ration est masqu\u00e9e par d\u00e9faut pour \u00e9viter tout dommage.<\/li>\n<li><strong>Restauration du syst\u00e8me :<\/strong> R\u00e9initialisez votre ordinateur aux param\u00e8tres d&#8217;usine ou \u00e0 un \u00e9tat pr\u00e9c\u00e9demment enregistr\u00e9. Restaurez le syst\u00e8me \u00e0 son emplacement d&#8217;origine ou \u00e0 un autre emplacement.<\/li>\n<li><strong>R\u00e9cup\u00e9ration rapide du syst\u00e8me :<\/strong> Appuyez sur F11 ou A au d\u00e9marrage pour acc\u00e9der \u00e0 l&#8217;environnement Windows PE et ex\u00e9cutez automatiquement AOMEI OneKey Recovery apr\u00e8s la sauvegarde du syst\u00e8me.<\/li>\n<li><strong>Param\u00e8tres avanc\u00e9s :<\/strong> Demandez des fonctions de chiffrement et de compression lors de la sauvegarde pour une protection des donn\u00e9es et une efficacit\u00e9 de stockage optimales.<\/li>\n<\/ul>\n<p>\ud83d\udee0\ufe0f <strong>Comment utiliser AOMEI OneKey Recovery :<\/strong><\/p>\n<ol>\n<li>Achetez et enregistrez AOMEI OneKey Recovery Pro ou Server.<\/li>\n<li>Ex\u00e9cutez le logiciel et s\u00e9lectionnez &#8220;Sauvegarde&#8221; pour sauvegarder les donn\u00e9es.<\/li>\n<li>Choisissez &#8220;Sauvegarder le syst\u00e8me sur la partition AOMEI OneKey Recovery&#8221; ou &#8220;Sauvegarder le syst\u00e8me sur un autre emplacement.<\/li>\n<li>S\u00e9lectionnez une partition avec suffisamment d&#8217;espace libre ou allou\u00e9, puis cliquez sur &#8220;D\u00e9marrer la sauvegarde&#8221;.<\/li>\n<li>L&#8217;op\u00e9ration de sauvegarde est effectu\u00e9e automatiquement, et vous pouvez effectuer d&#8217;autres op\u00e9rations avec votre ordinateur.<\/li>\n<\/ol>\n","protected":false},"excerpt":{"rendered":"<p>AOMEI OneKey Recovery Technician &#8211; Garantie de s\u00e9curit\u00e9 syst\u00e8me et assistance technique Profitez de toutes les fonctionnalit\u00e9s de l&#8217;\u00e9dition Professionnelle avec AOMEI OneKey Recovery Technician, id\u00e9al pour les utilisateurs professionnels. Installez-le sur un nombre illimit\u00e9 de PC et serveurs Windows au sein de votre entreprise et offrez un support technique payant \u00e0 vos clients. \ud83c\udf10 [&hellip;]<\/p>\n","protected":false},"featured_media":33355,"comment_status":"closed","ping_status":"closed","template":"","meta":{"_acf_changed":false},"product_brand":[220],"product_cat":[86],"product_tag":[],"class_list":{"0":"post-33358","1":"product","2":"type-product","3":"status-publish","4":"has-post-thumbnail","6":"product_brand-aomei","7":"product_cat-logiciels-bureautique","9":"first","10":"instock","11":"shipping-taxable","12":"purchasable","13":"product-type-simple"},"acf":[],"aioseo_notices":[],"jetpack_sharing_enabled":true,"_links":{"self":[{"href":"https:\/\/prixsoft.com\/en\/wp-json\/wp\/v2\/product\/33358","targetHints":{"allow":["GET"]}}],"collection":[{"href":"https:\/\/prixsoft.com\/en\/wp-json\/wp\/v2\/product"}],"about":[{"href":"https:\/\/prixsoft.com\/en\/wp-json\/wp\/v2\/types\/product"}],"replies":[{"embeddable":true,"href":"https:\/\/prixsoft.com\/en\/wp-json\/wp\/v2\/comments?post=33358"}],"wp:featuredmedia":[{"embeddable":true,"href":"https:\/\/prixsoft.com\/en\/wp-json\/wp\/v2\/media\/33355"}],"wp:attachment":[{"href":"https:\/\/prixsoft.com\/en\/wp-json\/wp\/v2\/media?parent=33358"}],"wp:term":[{"taxonomy":"product_brand","embeddable":true,"href":"https:\/\/prixsoft.com\/en\/wp-json\/wp\/v2\/product_brand?post=33358"},{"taxonomy":"product_cat","embeddable":true,"href":"https:\/\/prixsoft.com\/en\/wp-json\/wp\/v2\/product_cat?post=33358"},{"taxonomy":"product_tag","embeddable":true,"href":"https:\/\/prixsoft.com\/en\/wp-json\/wp\/v2\/product_tag?post=33358"}],"curies":[{"name":"wp","href":"https:\/\/api.w.org\/{rel}","templated":true}]}}